{"id":736,"date":"2023-09-12T11:36:29","date_gmt":"2023-09-12T11:36:29","guid":{"rendered":"https:\/\/nefertiti-ilusalong.eu\/eripakkumised\/"},"modified":"2025-06-21T19:49:22","modified_gmt":"2025-06-21T19:49:22","slug":"specialnye-predloxenija","status":"publish","type":"page","link":"https:\/\/nefertiti-ilusalong.eu\/ru\/specialnye-predloxenija\/","title":{"rendered":"\u0421\u043f\u0435\u0446\u0438\u0430\u043b\u044c\u043d\u044b\u0435 \u043f\u0440\u0435\u0434\u043b\u043e\u0436\u0435\u043d\u0438\u044f"},"content":{"rendered":"<p>[et_pb_section fb_built=&#187;1&#8243; admin_label=&#187;section&#187; _builder_version=&#187;4.16&#8243; top_divider_style=&#187;wave2&#8243; top_divider_color=&#187;#f7f7f7&#8243; top_divider_height=&#187;500px&#187; bottom_divider_style=&#187;wave2&#8243; bottom_divider_color=&#187;#f7f7f7&#8243; bottom_divider_height=&#187;500px&#187; global_colors_info=&#187;{}&#187;][et_pb_row admin_label=&#187;row&#187; _builder_version=&#187;4.16&#8243; background_size=&#187;initial&#187; background_position=&#187;top_left&#187; background_repeat=&#187;repeat&#187; global_colors_info=&#187;{}&#187;][et_pb_column type=&#187;4_4&#8243; _builder_version=&#187;4.16&#8243; custom_padding=&#187;|||&#187; global_colors_info=&#187;{}&#187; custom_padding__hover=&#187;|||&#187;][et_pb_text admin_label=&#187;Text&#187; _builder_version=&#187;4.27.4&#8243; background_size=&#187;initial&#187; background_position=&#187;top_left&#187; background_repeat=&#187;repeat&#187; hover_enabled=&#187;0&#8243; global_colors_info=&#187;{}&#187; sticky_enabled=&#187;0&#8243;]<\/p>\n<p>HG ravil\u00f5ikus ja Q3 teraapia 35-40EUR<\/p>\n<p>Kuumak\u00e4\u00e4ril\u00f5ikus ja SOS Botox hooldus 45-55 EUR<\/p>\n<p>Juurte triibutamine, lipiidi mask ja l\u00f5ikus60-70 EUR<\/p>\n<p>[\/et_pb_text][et_pb_text _builder_version=&#187;4.22.1&#8243; _module_preset=&#187;default&#187; header_3_font=&#187;|300||on|||||&#187; header_3_text_align=&#187;center&#187; header_3_font_size=&#187;25px&#187; text_orientation=&#187;center&#187; global_colors_info=&#187;{}&#187;]<\/p>\n<h3>SUPER PAKKUMISED!<\/h3>\n<p>[\/et_pb_text][dipl_price_list _builder_version=&#187;4.22.1&#8243; _module_preset=&#187;default&#187; global_colors_info=&#187;{}&#187;][dipl_price_list_item item_name=&#187;Stiilne l\u00f5ikus koos Royal keratin maskiga&#187; item_currency=&#187;\u20ac&#187; item_price=&#187;30&#8243; _builder_version=&#187;4.22.1&#8243; _module_preset=&#187;default&#187; global_colors_info=&#187;{}&#187;][\/dipl_price_list_item][dipl_price_list_item item_name=&#187;UUS K18 taastava peptiidiga hooldus koos kuumak\u00e4\u00e4ri l\u00f5ikusega&#187; item_currency=&#187;\u20ac&#187; item_price=&#187;35&#8243; _builder_version=&#187;4.22.1&#8243; _module_preset=&#187;default&#187; global_colors_info=&#187;{}&#187;][\/dipl_price_list_item][dipl_price_list_item item_name=&#187;KUUMAK\u00c4\u00c4RI L\u00d5IKUS \u017eguttimisega + OXYmoron hooldus&#187; item_currency=&#187;\u20ac&#187; item_price=&#187;30&#8243; _builder_version=&#187;4.22.1&#8243; _module_preset=&#187;default&#187; global_colors_info=&#187;{}&#187;][\/dipl_price_list_item][dipl_price_list_item item_name=&#187;KUUMAK\u00c4\u00c4RI L\u00d5IKUS \u017ehguttimisega + Q3 THERAPY juuksehooldus&#187; item_currency=&#187;\u20ac&#187; item_price=&#187;30&#8243; _builder_version=&#187;4.22.1&#8243; _module_preset=&#187;default&#187; global_colors_info=&#187;{}&#187;][\/dipl_price_list_item][dipl_price_list_item item_name=&#187;Hennaga kulmude v\u00e4rvimine ja modellerimine&#187; item_currency=&#187;\u20ac&#187; item_price=&#187;15&#8243; _builder_version=&#187;4.22.1&#8243; _module_preset=&#187;default&#187; global_colors_info=&#187;{}&#187;][\/dipl_price_list_item][dipl_price_list_item item_name=&#187;BIO-Lamineerimine ja kuumak\u00e4\u00e4ri l\u00f5ikus&#187; item_currency=&#187;\u20ac&#187; item_price=&#187;30&#8243; _builder_version=&#187;4.22.1&#8243; _module_preset=&#187;default&#187; global_colors_info=&#187;{}&#187;]<\/p>\n<p><strong>(NB! ei sisalda \u017eghuttimist)<\/strong><\/p>\n<p>[\/dipl_price_list_item][dipl_price_list_item item_name=&#187;UUDIS! HG ravil\u00f5ikus ehk juuste poleerimine&#187; item_currency=&#187;\u20ac&#187; item_price=&#187;30&#8243; _builder_version=&#187;4.22.1&#8243; _module_preset=&#187;default&#187; global_colors_info=&#187;{}&#187;]<\/p>\n<p>(Protseduur sisaldab pesu + HG l\u00f5ikust + f\u00f6\u00f6nitamine)<\/p>\n<p>[\/dipl_price_list_item][\/dipl_price_list][et_pb_text _builder_version=&#187;4.22.1&#8243; _module_preset=&#187;default&#187; text_font=&#187;||||||||&#187; header_3_font=&#187;|300||on|||||&#187; header_3_text_align=&#187;center&#187; header_3_font_size=&#187;25px&#187; header_4_font=&#187;|||on|||||&#187; text_orientation=&#187;center&#187; global_colors_info=&#187;{}&#187;]<\/p>\n<h4>Maroccan Keratin Treatment<\/h4>\n<p>(juuste p\u00fcsisirgendamine kuni 5 kuud, juuksed v\u00f5ib pesta juba j\u00e4rgmisel p\u00e4eval)<\/p>\n<p>[\/et_pb_text][dipl_price_list _builder_version=&#187;4.22.1&#8243; _module_preset=&#187;default&#187; global_colors_info=&#187;{}&#187;][dipl_price_list_item item_name=&#187;L\u00fchikesed juuksed&#187; item_currency=&#187;\u20ac&#187; item_price=&#187;60&#8243; _builder_version=&#187;4.22.1&#8243; _module_preset=&#187;default&#187; global_colors_info=&#187;{}&#187;](juuste p\u00fcsisirgendamine kuni 5 kuud, juuksed v\u00f5ib pesta juba j\u00e4rgmisel p\u00e4eval)[\/dipl_price_list_item][dipl_price_list_item item_name=&#187;Keskmised juuksed&#187; item_currency=&#187;\u20ac&#187; item_price=&#187;70-80&#8243; _builder_version=&#187;4.22.1&#8243; _module_preset=&#187;default&#187; global_colors_info=&#187;{}&#187;](juuste p\u00fcsisirgendamine kuni 5 kuud, juuksed v\u00f5ib pesta juba j\u00e4rgmisel p\u00e4eval)[\/dipl_price_list_item][dipl_price_list_item item_name=&#187;Pikad juuksed&#187; item_currency=&#187;\u20ac&#187; item_price=&#187;90-110&#8243; _builder_version=&#187;4.22.1&#8243; _module_preset=&#187;default&#187; global_colors_info=&#187;{}&#187;]<\/p>\n<p>(juuste p\u00fcsisirgendamine kuni 5 kuud, juuksed v\u00f5ib pesta juba j\u00e4rgmisel p\u00e4eval)<br \/>Kuumak\u00e4\u00e4ri l\u00f5ikus peale MKT ainult 10\u20ac<\/p>\n<p>[\/dipl_price_list_item][\/dipl_price_list][et_pb_text _builder_version=&#187;4.22.1&#8243; _module_preset=&#187;default&#187; text_font=&#187;||||||||&#187; header_3_font=&#187;|300||on|||||&#187; header_3_text_align=&#187;center&#187; header_3_font_size=&#187;25px&#187; header_4_font=&#187;|||on|||||&#187; text_orientation=&#187;center&#187; global_colors_info=&#187;{}&#187;]<\/p>\n<h4>Vitaker Sense keratiinihooldus<\/h4>\n<p>(juuksed saab pesta 24 tunni p\u00e4rast)[\/et_pb_text][dipl_price_list _builder_version=&#187;4.27.4&#8243; _module_preset=&#187;default&#187; hover_enabled=&#187;0&#8243; global_colors_info=&#187;{}&#187; sticky_enabled=&#187;0&#8243;][dipl_price_list_item item_name=&#187;L\u00fchikesed juuksed&#187; item_currency=&#187;\u20ac&#187; item_price=&#187;55-65&#8243; _builder_version=&#187;4.27.4&#8243; _module_preset=&#187;default&#187; hover_enabled=&#187;0&#8243; global_colors_info=&#187;{}&#187; sticky_enabled=&#187;0&#8243;]<\/p>\n<p>(juuksed saab pesta 24 tunni p\u00e4rast)<br \/>Kui juuksed on paksemat keskmiselt lusandub hinnale 10-15\u20ac<\/p>\n<p>[\/dipl_price_list_item][dipl_price_list_item item_name=&#187;Keskmised juuksed&#187; item_currency=&#187;\u20ac&#187; item_price=&#187;65-80&#8243; _builder_version=&#187;4.27.4&#8243; _module_preset=&#187;default&#187; hover_enabled=&#187;0&#8243; global_colors_info=&#187;{}&#187; sticky_enabled=&#187;0&#8243;]<\/p>\n<p>(juuksed saab pesta 24 tunni p\u00e4rast)<br \/>Kui juuksed on paksemat keskmiselt lusandub hinnale 10-15\u20ac<\/p>\n<p>[\/dipl_price_list_item][dipl_price_list_item item_name=&#187;Pikad juuksed&#187; item_currency=&#187;\u20ac&#187; item_price=&#187;70-90&#8243; _builder_version=&#187;4.27.4&#8243; _module_preset=&#187;default&#187; hover_enabled=&#187;0&#8243; global_colors_info=&#187;{}&#187; sticky_enabled=&#187;0&#8243;]<\/p>\n<p>(juuksed saab pesta 24 tunni p\u00e4rast)<br \/>Kui juuksed on paksemat keskmiselt lusandub hinnale 10-15\u20ac<\/p>\n<p>[\/dipl_price_list_item][\/dipl_price_list][et_pb_text _builder_version=&#187;4.22.1&#8243; _module_preset=&#187;default&#187; text_font=&#187;||||||||&#187; header_3_font=&#187;|300||on|||||&#187; header_3_text_align=&#187;center&#187; header_3_font_size=&#187;25px&#187; header_4_font=&#187;|||on|||||&#187; text_orientation=&#187;center&#187; global_colors_info=&#187;{}&#187;]<\/p>\n<h4>Brazilian Keratin Treatment<\/h4>\n<p>(terved, siledad ja sirgemad juuksed kuni 4 kuud)[\/et_pb_text][dipl_price_list _builder_version=&#187;4.27.4&#8243; _module_preset=&#187;default&#187; global_colors_info=&#187;{}&#187;][dipl_price_list_item item_name=&#187;L\u00fchikesed juuksed&#187; item_currency=&#187;\u20ac&#187; item_price=&#187;60-70&#8243; _builder_version=&#187;4.27.4&#8243; _module_preset=&#187;default&#187; hover_enabled=&#187;0&#8243; global_colors_info=&#187;{}&#187; sticky_enabled=&#187;0&#8243;]<\/p>\n<p>(terved, siledad ja sirgemad juuksed kuni 4 kuud)<br \/>Juhul kui juuksed on v\u00e4ga pikad v\u00f5i v\u00e4ga paksud, lisandub hooldusele 10-15\u20ac<br \/>Kuumak\u00e4\u00e4ri l\u00f5ikus peale BKT ainult 10\u20ac<\/p>\n<p>[\/dipl_price_list_item][dipl_price_list_item item_name=&#187;Keskmised juuksed&#187; item_currency=&#187;\u20ac&#187; item_price=&#187;70-80&#8243; _builder_version=&#187;4.27.4&#8243; _module_preset=&#187;default&#187; hover_enabled=&#187;0&#8243; global_colors_info=&#187;{}&#187; sticky_enabled=&#187;0&#8243;]<\/p>\n<p>(terved, siledad ja sirgemad juuksed kuni 4 kuud)<br \/>Juhul kui juuksed on v\u00e4ga pikad v\u00f5i v\u00e4ga paksud, lisandub hooldusele 10-15\u20ac<br \/>Kuumak\u00e4\u00e4ri l\u00f5ikus peale BKT ainult 10\u20ac<\/p>\n<p>[\/dipl_price_list_item][dipl_price_list_item item_name=&#187;Pikad juuksed&#187; item_currency=&#187;\u20ac&#187; item_price=&#187;75-95&#8243; _builder_version=&#187;4.27.4&#8243; _module_preset=&#187;default&#187; hover_enabled=&#187;0&#8243; global_colors_info=&#187;{}&#187; sticky_enabled=&#187;0&#8243;]<\/p>\n<p>(terved, siledad ja sirgemad juuksed kuni 4 kuud)<br \/>Juhul kui juuksed on v\u00e4ga pikad v\u00f5i v\u00e4ga paksud, lisandub hooldusele 10-15\u20ac<br \/>Kuumak\u00e4\u00e4ri l\u00f5ikus peale BKT ainult 10\u20ac<\/p>\n<p>[\/dipl_price_list_item][\/dipl_price_list][et_pb_text _builder_version=&#187;4.22.1&#8243; _module_preset=&#187;default&#187; text_font=&#187;||||||||&#187; header_3_font=&#187;|300||on|||||&#187; header_3_text_align=&#187;center&#187; header_3_font_size=&#187;25px&#187; header_4_font=&#187;|||on|||||&#187; text_orientation=&#187;center&#187; global_colors_info=&#187;{}&#187;]<\/p>\n<h4>Nanoplastia juuste hooldus<\/h4>\n<p>(sirgandamine)[\/et_pb_text][dipl_price_list _builder_version=&#187;4.22.1&#8243; _module_preset=&#187;default&#187; global_colors_info=&#187;{}&#187;][dipl_price_list_item item_name=&#187;L\u00fchikesed juuksed&#187; item_currency=&#187;\u20ac&#187; item_price=&#187;60-65&#8243; _builder_version=&#187;4.22.1&#8243; _module_preset=&#187;default&#187; global_colors_info=&#187;{}&#187;](sirgandamine)[\/dipl_price_list_item][dipl_price_list_item item_name=&#187;Keskmised juuksed&#187; item_currency=&#187;\u20ac&#187; item_price=&#187;65-80&#8243; _builder_version=&#187;4.22.1&#8243; _module_preset=&#187;default&#187; global_colors_info=&#187;{}&#187;](sirgandamine)[\/dipl_price_list_item][dipl_price_list_item item_name=&#187;Pikad juuksed&#187; item_currency=&#187;\u20ac&#187; item_price=&#187;75-90&#8243; _builder_version=&#187;4.22.1&#8243; _module_preset=&#187;default&#187; global_colors_info=&#187;{}&#187;](sirgandamine)[\/dipl_price_list_item][\/dipl_price_list][\/et_pb_column][\/et_pb_row][\/et_pb_section]<\/p>\n","protected":false},"excerpt":{"rendered":"<p>HG ravil\u00f5ikus ja Q3 teraapia 35-40EUR Kuumak\u00e4\u00e4ril\u00f5ikus ja SOS Botox hooldus 45-55 EUR Juurte triibutamine, lipiidi mask ja l\u00f5ikus60-70 EURSUPER PAKKUMISED!<div class=\"et_pb_module dipl_price_list dipl_price_list_0\">\n\t\t\t\t\n\t\t\t\t\n\t\t\t\t\n\t\t\t\t\n\t\t\t\t\n\t\t\t\t\n\t\t\t\t<div class=\"et_pb_module_inner\">\n\t\t\t\t\t<div class=\"dipl_price_list_layout dipl_price_list_layout1 dipl_currency_pos_left\"><\/div>\n\t\t\t\t<\/div>\n\t\t\t<\/div><div class=\"et_pb_module dipl_price_list_item dipl_price_list_item_0\">\n\t\t\t\t\n\t\t\t\t\n\t\t\t\t\n\t\t\t\t\n\t\t\t\t\n\t\t\t\t\n\t\t\t\t<div class=\"et_pb_module_inner\">\n\t\t\t\t\t<div class=\"dipl_price_list_item_wrap\"><div class=\"dipl_price_list_item_details\"><div class=\"dipl_price_list_item_name_wrap\"><h4 class=\"dipl_price_list_item_name\">Stiilne l\u00f5ikus koos Royal keratin maskiga<\/h4><div class=\"dipl_price_list_item_price_divider\"><\/div>\n            <div class=\"dipl_price_list_item_price_wrap\"><span class=\"dipl_price_list_item_currency\">\u20ac<\/span><span class=\"dipl_price_list_item_price\">30<\/span><\/div><\/div><\/div><\/div>\n\t\t\t\t<\/div>\n\t\t\t<\/div><div class=\"et_pb_module dipl_price_list_item dipl_price_list_item_1\">\n\t\t\t\t\n\t\t\t\t\n\t\t\t\t\n\t\t\t\t\n\t\t\t\t\n\t\t\t\t\n\t\t\t\t<div class=\"et_pb_module_inner\">\n\t\t\t\t\t<div class=\"dipl_price_list_item_wrap\"><div class=\"dipl_price_list_item_details\"><div class=\"dipl_price_list_item_name_wrap\"><h4 class=\"dipl_price_list_item_name\">UUS K18 taastava peptiidiga hooldus koos kuumak\u00e4\u00e4ri l\u00f5ikusega<\/h4><div class=\"dipl_price_list_item_price_divider\"><\/div>\n            <div class=\"dipl_price_list_item_price_wrap\"><span class=\"dipl_price_list_item_currency\">\u20ac<\/span><span class=\"dipl_price_list_item_price\">35<\/span><\/div><\/div><\/div><\/div>\n\t\t\t\t<\/div>\n\t\t\t<\/div><div class=\"et_pb_module dipl_price_list_item dipl_price_list_item_2\">\n\t\t\t\t\n\t\t\t\t\n\t\t\t\t\n\t\t\t\t\n\t\t\t\t\n\t\t\t\t\n\t\t\t\t<div class=\"et_pb_module_inner\">\n\t\t\t\t\t<div class=\"dipl_price_list_item_wrap\"><div class=\"dipl_price_list_item_details\"><div class=\"dipl_price_list_item_name_wrap\"><h4 class=\"dipl_price_list_item_name\">&#187;KUUMAK\u00c4\u00c4RI<\/h4><div class=\"dipl_price_list_item_price_divider\"><\/div>\n            <div class=\"dipl_price_list_item_price_wrap\"><span class=\"dipl_price_list_item_currency\">&#187;\u20ac&#187;<\/span><span class=\"dipl_price_list_item_price\">10<\/span><\/div><\/div><\/div><\/div>\n\t\t\t\t<\/div>\n\t\t\t<\/div><\/p>\n","protected":false},"author":2,"featured_media":0,"parent":0,"menu_order":0,"comment_status":"closed","ping_status":"closed","template":"","meta":{"_et_pb_use_builder":"on","_et_pb_old_content":"<p>HG ravil\u00f5ikus ja Q3 teraapia 30 EUR<\/p><p>Kuumak\u00e4\u00e4ril\u00f5ikus ja SOS Botox hooldus 40 EUR<\/p><p>Juurte triibutamine, lipiidi mask ja l\u00f5ikus 50-65 EUR<\/p>","_et_gb_content_width":"","footnotes":""},"class_list":["post-736","page","type-page","status-publish","hentry"],"_links":{"self":[{"href":"https:\/\/nefertiti-ilusalong.eu\/ru\/wp-json\/wp\/v2\/pages\/736","targetHints":{"allow":["GET"]}}],"collection":[{"href":"https:\/\/nefertiti-ilusalong.eu\/ru\/wp-json\/wp\/v2\/pages"}],"about":[{"href":"https:\/\/nefertiti-ilusalong.eu\/ru\/wp-json\/wp\/v2\/types\/page"}],"author":[{"embeddable":true,"href":"https:\/\/nefertiti-ilusalong.eu\/ru\/wp-json\/wp\/v2\/users\/2"}],"replies":[{"embeddable":true,"href":"https:\/\/nefertiti-ilusalong.eu\/ru\/wp-json\/wp\/v2\/comments?post=736"}],"version-history":[{"count":5,"href":"https:\/\/nefertiti-ilusalong.eu\/ru\/wp-json\/wp\/v2\/pages\/736\/revisions"}],"predecessor-version":[{"id":809,"href":"https:\/\/nefertiti-ilusalong.eu\/ru\/wp-json\/wp\/v2\/pages\/736\/revisions\/809"}],"wp:attachment":[{"href":"https:\/\/nefertiti-ilusalong.eu\/ru\/wp-json\/wp\/v2\/media?parent=736"}],"curies":[{"name":"wp","href":"https:\/\/api.w.org\/{rel}","templated":true}]}}